{"id":4816,"date":"2022-03-30T10:41:37","date_gmt":"2022-03-30T10:41:37","guid":{"rendered":"http:\/\/34.116.232.147\/?page_id=4816"},"modified":"2024-10-21T19:42:04","modified_gmt":"2024-10-21T19:42:04","slug":"doneaza","status":"publish","type":"page","link":"https:\/\/casabunasanpetru.ro\/index.php\/implica-te\/doneaza\/","title":{"rendered":"Doneaz\u0103"},"content":{"rendered":"\t\t<div data-elementor-type=\"wp-post\" data-elementor-id=\"4816\" class=\"elementor elementor-4816\">\n\t\t\t\t\t\t<section class=\"elementor-section elementor-top-section elementor-element elementor-element-3d5cae8 elementor-section-content-middle elementor-section-stretched elementor-section-boxed elementor-section-height-default elementor-section-height-default\" data-id=\"3d5cae8\" data-element_type=\"section\" data-settings=\"{&quot;stretch_section&quot;:&quot;section-stretched&quot;,&quot;background_background&quot;:&quot;classic&quot;}\">\n\t\t\t\t\t\t<div class=\"elementor-container elementor-column-gap-default\">\n\t\t\t\t\t<div class=\"elementor-column elementor-col-100 elementor-top-column elementor-element elementor-element-3821405\" data-id=\"3821405\" data-element_type=\"column\">\n\t\t\t<div class=\"elementor-widget-wrap elementor-element-populated\">\n\t\t\t\t\t\t<section class=\"elementor-section elementor-inner-section elementor-element elementor-element-97e9412 elementor-section-boxed elementor-section-height-default elementor-section-height-default\" data-id=\"97e9412\" data-element_type=\"section\">\n\t\t\t\t\t\t<div class=\"elementor-container elementor-column-gap-default\">\n\t\t\t\t\t<div class=\"elementor-column elementor-col-50 elementor-inner-column elementor-element elementor-element-1a19e56\" data-id=\"1a19e56\" data-element_type=\"column\">\n\t\t\t<div class=\"elementor-widget-wrap elementor-element-populated\">\n\t\t\t\t\t\t<div class=\"elementor-element elementor-element-c210ec9 elementor-widget elementor-widget-heading\" data-id=\"c210ec9\" data-element_type=\"widget\" data-widget_type=\"heading.default\">\n\t\t\t\t<div class=\"elementor-widget-container\">\n\t\t\t\t\t<h2 class=\"elementor-heading-title elementor-size-default\">Doneaz\u0103<\/h2>\t\t\t\t<\/div>\n\t\t\t\t<\/div>\n\t\t\t\t\t<\/div>\n\t\t<\/div>\n\t\t\t\t<div class=\"elementor-column elementor-col-50 elementor-inner-column elementor-element elementor-element-0613f5b\" data-id=\"0613f5b\" data-element_type=\"column\">\n\t\t\t<div class=\"elementor-widget-wrap elementor-element-populated\">\n\t\t\t\t\t\t<div class=\"elementor-element elementor-element-5e42d33 elementor-align-right elementor-widget elementor-widget-button\" data-id=\"5e42d33\" data-element_type=\"widget\" data-widget_type=\"button.default\">\n\t\t\t\t<div class=\"elementor-widget-container\">\n\t\t\t\t\t\t\t\t\t<div class=\"elementor-button-wrapper\">\n\t\t\t\t\t<a class=\"elementor-button elementor-button-link elementor-size-sm\" href=\"https:\/\/casabunasanpetru.ro\/index.php\/implica-te\/doneaza\/\">\n\t\t\t\t\t\t<span class=\"elementor-button-content-wrapper\">\n\t\t\t\t\t\t\t\t\t<span class=\"elementor-button-text\">Doneaz\u0103<\/span>\n\t\t\t\t\t<\/span>\n\t\t\t\t\t<\/a>\n\t\t\t\t<\/div>\n\t\t\t\t\t\t\t\t<\/div>\n\t\t\t\t<\/div>\n\t\t\t\t\t<\/div>\n\t\t<\/div>\n\t\t\t\t\t<\/div>\n\t\t<\/section>\n\t\t\t\t\t<\/div>\n\t\t<\/div>\n\t\t\t\t\t<\/div>\n\t\t<\/section>\n\t\t\t\t<section class=\"elementor-section elementor-top-section elementor-element elementor-element-afa796a elementor-section-boxed elementor-section-height-default elementor-section-height-default\" data-id=\"afa796a\" data-element_type=\"section\">\n\t\t\t\t\t\t<div class=\"elementor-container elementor-column-gap-default\">\n\t\t\t\t\t<div class=\"elementor-column elementor-col-100 elementor-top-column elementor-element elementor-element-9002fed\" data-id=\"9002fed\" data-element_type=\"column\">\n\t\t\t<div class=\"elementor-widget-wrap elementor-element-populated\">\n\t\t\t\t\t\t<div class=\"elementor-element elementor-element-47de6c3 elementor-widget elementor-widget-heading\" data-id=\"47de6c3\" data-element_type=\"widget\" data-widget_type=\"heading.default\">\n\t\t\t\t<div class=\"elementor-widget-container\">\n\t\t\t\t\t<h2 class=\"elementor-heading-title elementor-size-default\">Vrei s\u0103 faci bine ? Doneaz\u0103!<\/h2>\t\t\t\t<\/div>\n\t\t\t\t<\/div>\n\t\t\t\t\t<\/div>\n\t\t<\/div>\n\t\t\t\t\t<\/div>\n\t\t<\/section>\n\t\t\t\t<section class=\"elementor-section elementor-top-section elementor-element elementor-element-e06f164 elementor-section-boxed elementor-section-height-default elementor-section-height-default\" data-id=\"e06f164\" data-element_type=\"section\">\n\t\t\t\t\t\t<div class=\"elementor-container elementor-column-gap-default\">\n\t\t\t\t\t<div class=\"elementor-column elementor-col-50 elementor-top-column elementor-element elementor-element-51636a6\" data-id=\"51636a6\" data-element_type=\"column\">\n\t\t\t<div class=\"elementor-widget-wrap elementor-element-populated\">\n\t\t\t\t\t\t<div class=\"elementor-element elementor-element-62596ce elementor-widget elementor-widget-image\" data-id=\"62596ce\" data-element_type=\"widget\" data-widget_type=\"image.default\">\n\t\t\t\t<div class=\"elementor-widget-container\">\n\t\t\t\t\t\t\t\t\t\t\t\t\t\t\t<img fetchpriority=\"high\" decoding=\"async\" width=\"475\" height=\"188\" src=\"https:\/\/casabunasanpetru.ro\/wp-content\/uploads\/2024\/01\/BankTransfer1.png\" class=\"attachment-large size-large wp-image-8712\" alt=\"\" srcset=\"https:\/\/casabunasanpetru.ro\/wp-content\/uploads\/2024\/01\/BankTransfer1.png 475w, https:\/\/casabunasanpetru.ro\/wp-content\/uploads\/2024\/01\/BankTransfer1-300x119.png 300w\" sizes=\"(max-width: 475px) 100vw, 475px\" \/>\t\t\t\t\t\t\t\t\t\t\t\t\t\t\t<\/div>\n\t\t\t\t<\/div>\n\t\t\t\t\t<\/div>\n\t\t<\/div>\n\t\t\t\t<div class=\"elementor-column elementor-col-50 elementor-top-column elementor-element elementor-element-0328eca\" data-id=\"0328eca\" data-element_type=\"column\">\n\t\t\t<div class=\"elementor-widget-wrap elementor-element-populated\">\n\t\t\t\t\t\t<div class=\"elementor-element elementor-element-088b451 elementor-widget elementor-widget-heading\" data-id=\"088b451\" data-element_type=\"widget\" data-widget_type=\"heading.default\">\n\t\t\t\t<div class=\"elementor-widget-container\">\n\t\t\t\t\t<h2 class=\"elementor-heading-title elementor-size-default\"><span style=\"font-weight: normal\">Doneaz\u0103 prin transfer bancar direct \u00een contul asocia\u021biei:<\/span><\/h2>\t\t\t\t<\/div>\n\t\t\t\t<\/div>\n\t\t\t\t<div class=\"elementor-element elementor-element-1be2433 elementor-widget elementor-widget-heading\" data-id=\"1be2433\" data-element_type=\"widget\" data-widget_type=\"heading.default\">\n\t\t\t\t<div class=\"elementor-widget-container\">\n\t\t\t\t\t<h2 class=\"elementor-heading-title elementor-size-default\">ASOCIATIA CASA BUNA -FILIALA SANPETRU <br><br><span style=\"font-weight: normal\">IBAN (RON) : <\/span>RO10BTRLRONCRT0674847101<br><br><span style=\"font-weight: normal\">IBAN (EUR)  :<\/span> RO57BTRLEURCRT0674847101<br>\n<span style=\"font-weight: normal\">SWIFT: BTRLRO22<\/span><\/h2>\t\t\t\t<\/div>\n\t\t\t\t<\/div>\n\t\t\t\t\t<\/div>\n\t\t<\/div>\n\t\t\t\t\t<\/div>\n\t\t<\/section>\n\t\t\t\t<section class=\"elementor-section elementor-top-section elementor-element elementor-element-608ce49 elementor-section-boxed elementor-section-height-default elementor-section-height-default\" data-id=\"608ce49\" data-element_type=\"section\">\n\t\t\t\t\t\t<div class=\"elementor-container elementor-column-gap-default\">\n\t\t\t\t\t<div class=\"elementor-column elementor-col-100 elementor-top-column elementor-element elementor-element-d1ff00f\" data-id=\"d1ff00f\" data-element_type=\"column\">\n\t\t\t<div class=\"elementor-widget-wrap elementor-element-populated\">\n\t\t\t\t\t\t<div class=\"elementor-element elementor-element-783033e elementor-widget elementor-widget-heading\" data-id=\"783033e\" data-element_type=\"widget\" data-widget_type=\"heading.default\">\n\t\t\t\t<div class=\"elementor-widget-container\">\n\t\t\t\t\t<h2 class=\"elementor-heading-title elementor-size-default\">Doneaz\u0103 online:<\/h2>\t\t\t\t<\/div>\n\t\t\t\t<\/div>\n\t\t\t\t\t<\/div>\n\t\t<\/div>\n\t\t\t\t\t<\/div>\n\t\t<\/section>\n\t\t\t\t<section class=\"elementor-section elementor-top-section elementor-element elementor-element-cd7b750 elementor-section-boxed elementor-section-height-default elementor-section-height-default\" data-id=\"cd7b750\" data-element_type=\"section\">\n\t\t\t\t\t\t<div class=\"elementor-container elementor-column-gap-default\">\n\t\t\t\t\t<div class=\"elementor-column elementor-col-100 elementor-top-column elementor-element elementor-element-bcc77d6\" data-id=\"bcc77d6\" data-element_type=\"column\">\n\t\t\t<div class=\"elementor-widget-wrap elementor-element-populated\">\n\t\t\t\t\t\t<div class=\"elementor-element elementor-element-18ac736 elementor-widget elementor-widget-html\" data-id=\"18ac736\" data-element_type=\"widget\" data-widget_type=\"html.default\">\n\t\t\t\t<div class=\"elementor-widget-container\">\n\t\t\t\t\t<script src=\"https:\/\/code.jquery.com\/jquery-3.6.0.min.js\"><\/script>\r\n<style>\r\n  .container {\r\n    display: flex; \/* Use flexbox to create a flexible container *\/\r\n  }\r\n\r\n  .column {\r\n    flex: 1; \r\n  }\r\n  .price-input {\r\n    display: flex;\r\n    align-items: center;\r\n  }\r\n\r\n  .currency-input-container {\r\n    display: flex;\r\n    border: 1px solid #ccc;\r\n    border-radius: 4px;\r\n    overflow: hidden;\r\n  }\r\n\r\n  .currency-symbol {\r\n    background-color: white;\r\n    padding: 10px;\r\n    border-right: 1px solid #ccc;\r\n  }\r\n\r\n  .price-field {\r\n    padding: 10px;\r\n    border: none;\r\n    width: 100%;\r\n  }\r\n\r\n  .required-star {\r\n    color: red;\r\n  }\r\n\r\n  .flex-container {\r\n    display: flex;\r\n    align-items: center;\r\n\r\n    .styled-button {\r\n      display: inline-block;\r\n      padding: 10px 20px;\r\n      color: black;\r\n      font-weight: bold;\r\n      border: none;\r\n      border-radius: 3px;\r\n      cursor: pointer;\r\n    }\r\n\r\n    .styled-button:hover {\r\n      transform: scale(1.1);\r\n    }\r\n  }\r\n\r\n  .donate-button {\r\n    display: inline-block;\r\n    padding: 15px 30px;\r\n    font-size: 16px;\r\n    font-weight: bold;\r\n    text-align: center;\r\n    text-decoration: none;\r\n    color: white;\r\n    background-color: #FA3249; \/* Tomato color, you can change it to your desired color *\/\r\n    border: none; \/* Border color matches the background color *\/\r\n    border-radius: 20px; \/* Add rounded corners *\/\r\n    cursor: pointer;\r\n    transition: background-color 0.3s ease, transform 0.2s ease; \/* Add smooth transitions *\/\r\n  }\r\n\r\n  \/* Change background color on hover and scale slightly *\/\r\n  .donate-button:hover {\r\n    background-color: #e74c3c; \/* Darker shade on hover *\/\r\n    transform: scale(1.05); \/* Slight scale on hover *\/\r\n  }\r\n<\/style>\r\n\r\n<div class=\"container\">\r\n  <div class=\"column\">\r\n    <div class=\"flex-container\">\r\n      <button\r\n        class=\"styled-button\"\r\n        type=\"button\"\r\n        id=\"Papuci\"\r\n        style=\"background-color: white; border: none\"\r\n      >\r\n        <img decoding=\"async\"\r\n          src=\"https:\/\/casabunasanpetru.ro\/wp-content\/uploads\/2024\/01\/papuci_cu_text_tr.png\"\r\n          alt=\"Papuci\"\r\n        \/>\r\n      <\/button>\r\n      <button\r\n        class=\"styled-button\"\r\n        type=\"button\"\r\n        id=\"MasaCalda\"\r\n        style=\"background-color: white; border: none\"\r\n      >\r\n        <img decoding=\"async\"\r\n          src=\"https:\/\/casabunasanpetru.ro\/wp-content\/uploads\/2024\/01\/masa_calda_cu_text_tr.png\"\r\n          alt=\"Mas\u0103 cald\u0103\"\r\n        \/>\r\n      <\/button>\r\n    <\/div>\r\n  <\/div>\r\n  <div class=\"column\">\r\n    <!--<div>-->\r\n    <!--  <label for=\"combinedInput\"-->\r\n    <!--    >Suma<span class=\"required-star\">*<\/span>:<\/label-->\r\n    <!--  >-->\r\n    <!--  <div class=\"price-input\">-->\r\n    <!--    <div class=\"currency-input-container\">-->\r\n    <!--      <span class=\"currency-symbol\">RON<\/span>-->\r\n    <!--      <input-->\r\n    <!--        type=\"number\"-->\r\n    <!--        step=\"1\"-->\r\n    <!--        class=\"price-field\"-->\r\n    <!--        id=\"priceInput\"-->\r\n    <!--        placeholder=\"0.00\"-->\r\n    <!--      \/>-->\r\n    <!--    <\/div>-->\r\n    <!--  <\/div>-->\r\n    <!--<\/div>-->\r\n    <br \/>\r\n    <label for=\"combinedInput\">Frecven\u021ba:<\/label>\r\n    <div class=\"flex-container\">\r\n      <button\r\n        class=\"styled-button\"\r\n        type=\"button\"\r\n        id=\"oData\"\r\n        style=\"background-color: #feda5a\"\r\n      >\r\n        O data\r\n      <\/button>\r\n      <button\r\n        class=\"styled-button\"\r\n        type=\"button\"\r\n        id=\"Lunar\"\r\n        style=\"background-color: white\"\r\n      >\r\n        Lunar\r\n      <\/button>\r\n    <\/div>\r\n    <br \/>\r\n    <a href=\"#\" class=\"donate-button\" id=\"dynamicLink\">Doneaz\u0103<\/a>\r\n    <!--<input class=\"price-field\" id=\"testDonation\" placeholder=\"0.00\" \/>-->\r\n  <\/div>\r\n\r\n  <script>\r\n  jQuery(document).ready(function() {\r\n      let donatie = 'MasaCalda';\r\n      let lunar  = false;\r\n      setDonationLink();\r\n      toggleSuma('MasaCalda');\r\n      \r\n    document.getElementById('Papuci').addEventListener('click', function() {\r\n        toggleSuma('Papuci');\r\n    });\r\n    document.getElementById('MasaCalda').addEventListener('click', function() {\r\n        toggleSuma('MasaCalda');\r\n    });\r\n    \r\n    document.getElementById('Lunar').addEventListener('click', function() {\r\n        toggleFrecventa('Lunar');\r\n    });\r\n    document.getElementById('oData').addEventListener('click', function() {\r\n        toggleFrecventa('oData');\r\n    });\r\n    \r\n    function setDonationLink() {\r\n      \/\/ var inputElement = document.getElementById(\"priceInput\");\r\n      \/\/ var suma = inputElement.value;\r\n\r\n      \/\/var oData = document.getElementById(\"oData\");\r\n      \/\/var lunar = document.getElementById(\"Lunar\");\r\n\r\n      \r\n      var papuciLunar = \"aEU02SfMAbFgfoQeUZ\";\r\n      var papuciOdata = \"fZeeXM57WfVw1y0dQS\";\r\n      var masaLunar = \"fZeaHwbwkaBc3G83cd\" ;\r\n      var masaOdata = \"dR6dTI43SbFg5Og9AE\" ;\r\n      \r\n      var donateLink = document.getElementById(\"dynamicLink\");\r\n      var stripeId = lunar ? \r\n                    (donatie == 'MasaCalda' ? masaLunar : papuciLunar ) :\r\n                    (donatie == 'MasaCalda' ? masaOdata : papuciOdata );\r\n      donateLink.href = \"https:\/\/buy.stripe.com\/\" + stripeId;\r\n      \r\n\r\n    \/\/   if (oData.style.backgroundColor === \"rgb(254, 218, 90)\") {\r\n    \/\/     if (suma === \"50\") {\r\n    \/\/       donateButton.href = \"https:\/\/www.google.com\/webhp?hl=ro&sa=X&ved=0ahUKEwiy6sSjkPeDAxXH1gIHHTC1A0wQPAgJ\"\r\n    \/\/       document.getElementById(\"testDonation\").value = \"link 50 o data\";\r\n    \/\/     } else if (suma === \"150\") {\r\n    \/\/       \/\/ donateButton.href = \/\/link 150 o data\r\n    \/\/       document.getElementById(\"testDonation\").value = \"link 150 o data\";\r\n    \/\/     } else {\r\n    \/\/       document.getElementById(\"testDonation\").value = \"pret custom o data\";\r\n    \/\/       \/\/pret custom o data\r\n    \/\/     }\r\n    \/\/   } else if (lunar.style.backgroundColor === \"rgb(254, 218, 90)\") {\r\n    \/\/     if (suma === \"50\") {\r\n    \/\/       \/\/ donateButton.href = \/\/link 50 lunar\r\n    \/\/       document.getElementById(\"testDonation\").value = \"link 50 lunar\";\r\n    \/\/     } else if (suma === \"150\") {\r\n    \/\/       \/\/  donateButton.href = \/\/link 150 lunar\r\n    \/\/       document.getElementById(\"testDonation\").value = \"link 150 lunar\";\r\n    \/\/     } else {\r\n    \/\/       \/\/pret custom lunar\r\n    \/\/       document.getElementById(\"testDonation\").value = \"pret custom lunar\";\r\n    \/\/     }\r\n    \/\/   }\r\n    }\r\n\r\n    function toggleSuma(id) {\r\n      var butonMasaCalda = document.getElementById(\"MasaCalda\");\r\n      var butonPapuci = document.getElementById(\"Papuci\");\r\n\r\n      butonMasaCalda.style.backgroundColor = \"white\";\r\n      butonPapuci.style.backgroundColor = \"white\";\r\n\r\n      document.getElementById(id).style.backgroundColor = \"#feda5a\";\r\n      donatie = id;\r\n      \/\/document.getElementById(\"priceInput\").value = price;\r\n      setDonationLink();\r\n    }\r\n\r\n    function toggleFrecventa(id) {\r\n        lunar = id == 'Lunar';\r\n      var button1 = document.getElementById(\"oData\");\r\n      var button2 = document.getElementById(\"Lunar\");\r\n\r\n      button1.style.backgroundColor = \"white\";\r\n      button2.style.backgroundColor = \"white\";\r\n\r\n      document.getElementById(id).style.backgroundColor = \"#feda5a\";\r\n        setDonationLink();\r\n    }\r\n  });\r\n    \/\/ function handleInputChange() {\r\n    \/\/   setDonationLink();\r\n    \/\/ }\r\n    \/\/ document\r\n    \/\/   .getElementById(\"priceInput\")\r\n    \/\/   .addEventListener(\"change\", handleInputChange);\r\n  <\/script>\r\n<\/div>\r\n\t\t\t\t<\/div>\n\t\t\t\t<\/div>\n\t\t\t\t\t<\/div>\n\t\t<\/div>\n\t\t\t\t\t<\/div>\n\t\t<\/section>\n\t\t\t\t<\/div>\n\t\t","protected":false},"excerpt":{"rendered":"<p>Doneaz\u0103 Doneaz\u0103 Vrei s\u0103 faci bine ? Doneaz\u0103! Doneaz\u0103 prin transfer bancar direct \u00een contul asocia\u021biei: ASOCIATIA CASA BUNA -FILIALA SANPETRU IBAN (RON) : RO10BTRLRONCRT0674847101 IBAN (EUR) : RO57BTRLEURCRT0674847101 SWIFT: BTRLRO22 Doneaz\u0103 online: Frecven\u021ba: O data Lunar Doneaz\u0103<\/p>\n","protected":false},"author":4,"featured_media":0,"parent":2430,"menu_order":0,"comment_status":"closed","ping_status":"closed","template":"","meta":{"footnotes":""},"class_list":["post-4816","page","type-page","status-publish","hentry"],"_links":{"self":[{"href":"https:\/\/casabunasanpetru.ro\/index.php\/wp-json\/wp\/v2\/pages\/4816","targetHints":{"allow":["GET"]}}],"collection":[{"href":"https:\/\/casabunasanpetru.ro\/index.php\/wp-json\/wp\/v2\/pages"}],"about":[{"href":"https:\/\/casabunasanpetru.ro\/index.php\/wp-json\/wp\/v2\/types\/page"}],"author":[{"embeddable":true,"href":"https:\/\/casabunasanpetru.ro\/index.php\/wp-json\/wp\/v2\/users\/4"}],"replies":[{"embeddable":true,"href":"https:\/\/casabunasanpetru.ro\/index.php\/wp-json\/wp\/v2\/comments?post=4816"}],"version-history":[{"count":103,"href":"https:\/\/casabunasanpetru.ro\/index.php\/wp-json\/wp\/v2\/pages\/4816\/revisions"}],"predecessor-version":[{"id":8844,"href":"https:\/\/casabunasanpetru.ro\/index.php\/wp-json\/wp\/v2\/pages\/4816\/revisions\/8844"}],"up":[{"embeddable":true,"href":"https:\/\/casabunasanpetru.ro\/index.php\/wp-json\/wp\/v2\/pages\/2430"}],"wp:attachment":[{"href":"https:\/\/casabunasanpetru.ro\/index.php\/wp-json\/wp\/v2\/media?parent=4816"}],"curies":[{"name":"wp","href":"https:\/\/api.w.org\/{rel}","templated":true}]}}