{"id":1804,"date":"2020-10-17T19:38:09","date_gmt":"2020-10-17T19:38:09","guid":{"rendered":"http:\/\/34.116.232.147\/?page_id=1804"},"modified":"2025-03-22T12:51:14","modified_gmt":"2025-03-22T12:51:14","slug":"voluntariat","status":"publish","type":"page","link":"https:\/\/casabunasanpetru.ro\/index.php\/implica-te\/voluntariat\/","title":{"rendered":"Voluntariat"},"content":{"rendered":"\t\t<div data-elementor-type=\"wp-post\" data-elementor-id=\"1804\" class=\"elementor elementor-1804\">\n\t\t\t\t\t\t<section class=\"elementor-section elementor-top-section elementor-element elementor-element-1ec41038 elementor-section-content-middle elementor-section-stretched elementor-section-boxed elementor-section-height-default elementor-section-height-default\" data-id=\"1ec41038\" data-element_type=\"section\" data-settings=\"{&quot;stretch_section&quot;:&quot;section-stretched&quot;,&quot;background_background&quot;:&quot;classic&quot;}\">\n\t\t\t\t\t\t<div class=\"elementor-container elementor-column-gap-default\">\n\t\t\t\t\t<div class=\"elementor-column elementor-col-100 elementor-top-column elementor-element elementor-element-65c9348\" data-id=\"65c9348\" data-element_type=\"column\">\n\t\t\t<div class=\"elementor-widget-wrap elementor-element-populated\">\n\t\t\t\t\t\t<section class=\"elementor-section elementor-inner-section elementor-element elementor-element-693540f8 elementor-section-boxed elementor-section-height-default elementor-section-height-default\" data-id=\"693540f8\" data-element_type=\"section\">\n\t\t\t\t\t\t<div class=\"elementor-container elementor-column-gap-default\">\n\t\t\t\t\t<div class=\"elementor-column elementor-col-50 elementor-inner-column elementor-element elementor-element-ea65f9e\" data-id=\"ea65f9e\" data-element_type=\"column\">\n\t\t\t<div class=\"elementor-widget-wrap elementor-element-populated\">\n\t\t\t\t\t\t<div class=\"elementor-element elementor-element-bab8495 elementor-widget elementor-widget-heading\" data-id=\"bab8495\" data-element_type=\"widget\" data-widget_type=\"heading.default\">\n\t\t\t\t<div class=\"elementor-widget-container\">\n\t\t\t\t\t<h2 class=\"elementor-heading-title elementor-size-default\">Voluntariat<\/h2>\t\t\t\t<\/div>\n\t\t\t\t<\/div>\n\t\t\t\t\t<\/div>\n\t\t<\/div>\n\t\t\t\t<div class=\"elementor-column elementor-col-50 elementor-inner-column elementor-element elementor-element-103bdb\" data-id=\"103bdb\" data-element_type=\"column\">\n\t\t\t<div class=\"elementor-widget-wrap elementor-element-populated\">\n\t\t\t\t\t\t<div class=\"elementor-element elementor-element-5f2ee5c elementor-align-right elementor-widget elementor-widget-button\" data-id=\"5f2ee5c\" data-element_type=\"widget\" data-widget_type=\"button.default\">\n\t\t\t\t<div class=\"elementor-widget-container\">\n\t\t\t\t\t\t\t\t\t<div class=\"elementor-button-wrapper\">\n\t\t\t\t\t<a class=\"elementor-button elementor-button-link elementor-size-sm\" href=\"#form\">\n\t\t\t\t\t\t<span class=\"elementor-button-content-wrapper\">\n\t\t\t\t\t\t\t\t\t<span class=\"elementor-button-text\">Aplic\u0103<\/span>\n\t\t\t\t\t<\/span>\n\t\t\t\t\t<\/a>\n\t\t\t\t<\/div>\n\t\t\t\t\t\t\t\t<\/div>\n\t\t\t\t<\/div>\n\t\t\t\t\t<\/div>\n\t\t<\/div>\n\t\t\t\t\t<\/div>\n\t\t<\/section>\n\t\t\t\t\t<\/div>\n\t\t<\/div>\n\t\t\t\t\t<\/div>\n\t\t<\/section>\n\t\t\t\t<section class=\"elementor-section elementor-top-section elementor-element elementor-element-ba175f9 elementor-section-boxed elementor-section-height-default elementor-section-height-default\" data-id=\"ba175f9\" data-element_type=\"section\">\n\t\t\t\t\t\t<div class=\"elementor-container elementor-column-gap-default\">\n\t\t\t\t\t<div class=\"elementor-column elementor-col-100 elementor-top-column elementor-element elementor-element-6ff7862\" data-id=\"6ff7862\" data-element_type=\"column\">\n\t\t\t<div class=\"elementor-widget-wrap elementor-element-populated\">\n\t\t\t\t\t\t<div class=\"elementor-element elementor-element-e4c0cc9 elementor-widget elementor-widget-text-editor\" data-id=\"e4c0cc9\" data-element_type=\"widget\" data-widget_type=\"text-editor.default\">\n\t\t\t\t<div class=\"elementor-widget-container\">\n\t\t\t\t\t\t\t\t\t<p>Activitatea noastr\u0103 nu ar fi posibil\u0103 f\u0103r\u0103 implicarea c\u00e2torva zeci de voluntari care se dedic\u0103 copiilor c\u00e2teva ore pe s\u0103pt\u0103m\u00e2n\u0103. \u00centre timp am legat prietenii \u0219i sim\u021bim c\u0103 tot acest sprijin necondi\u021bionat ne d\u0103 \u0219i mai mult\u0103 \u00eencredere \u00een for\u021bele noastre. Suntem o familie care cre\u0219te!<\/p>\n<p>&nbsp;\u00cen momentul de fa\u021b\u0103 suntem aproximativ 25 de voluntari activi care alocam timp s\u0103pt\u0103m\u00e2nal pentru cei 67 de copii pe care \u00eei avem \u00een grij\u0103. Ne dorim s\u0103 primim mai mul\u021bi voluntari \u00een familia noastr\u0103, pentru a putea lucra 1 la 1 cu copiii.<\/p>\t\t\t\t\t\t\t\t<\/div>\n\t\t\t\t<\/div>\n\t\t\t\t\t<\/div>\n\t\t<\/div>\n\t\t\t\t\t<\/div>\n\t\t<\/section>\n\t\t\t\t<section class=\"elementor-section elementor-top-section elementor-element elementor-element-32d8fb0c elementor-section-boxed elementor-section-height-default elementor-section-height-default\" data-id=\"32d8fb0c\" data-element_type=\"section\" data-settings=\"{&quot;background_background&quot;:&quot;classic&quot;}\">\n\t\t\t\t\t\t<div class=\"elementor-container elementor-column-gap-default\">\n\t\t\t\t\t<div class=\"elementor-column elementor-col-100 elementor-top-column elementor-element elementor-element-6287ebaf\" data-id=\"6287ebaf\" data-element_type=\"column\">\n\t\t\t<div class=\"elementor-widget-wrap elementor-element-populated\">\n\t\t\t\t\t\t<div class=\"elementor-element elementor-element-6e553d9 elementor-widget elementor-widget-heading\" data-id=\"6e553d9\" data-element_type=\"widget\" data-widget_type=\"heading.default\">\n\t\t\t\t<div class=\"elementor-widget-container\">\n\t\t\t\t\t<h1 class=\"elementor-heading-title elementor-size-default\">Po\u021bi face bine. Vino la Casa Bun\u0103 S\u00e2npetru!<\/h1>\t\t\t\t<\/div>\n\t\t\t\t<\/div>\n\t\t\t\t\t<\/div>\n\t\t<\/div>\n\t\t\t\t\t<\/div>\n\t\t<\/section>\n\t\t\t\t<section class=\"elementor-section elementor-top-section elementor-element elementor-element-ee72d13 elementor-section-boxed elementor-section-height-default elementor-section-height-default\" data-id=\"ee72d13\" data-element_type=\"section\">\n\t\t\t\t\t\t<div class=\"elementor-container elementor-column-gap-default\">\n\t\t\t\t\t<div class=\"elementor-column elementor-col-100 elementor-top-column elementor-element elementor-element-e59f640\" data-id=\"e59f640\" data-element_type=\"column\">\n\t\t\t<div class=\"elementor-widget-wrap elementor-element-populated\">\n\t\t\t\t\t\t<div class=\"elementor-element elementor-element-6900ac6 elementor-widget elementor-widget-image\" data-id=\"6900ac6\" data-element_type=\"widget\" data-widget_type=\"image.default\">\n\t\t\t\t<div class=\"elementor-widget-container\">\n\t\t\t\t\t\t\t\t\t\t\t\t\t\t\t<img fetchpriority=\"high\" decoding=\"async\" width=\"800\" height=\"600\" src=\"https:\/\/casabunasanpetru.ro\/wp-content\/uploads\/2023\/12\/grup_dec2023.jpg\" class=\"attachment-large size-large wp-image-8213\" alt=\"\" srcset=\"https:\/\/casabunasanpetru.ro\/wp-content\/uploads\/2023\/12\/grup_dec2023.jpg 1024w, https:\/\/casabunasanpetru.ro\/wp-content\/uploads\/2023\/12\/grup_dec2023-300x225.jpg 300w, https:\/\/casabunasanpetru.ro\/wp-content\/uploads\/2023\/12\/grup_dec2023-768x576.jpg 768w\" sizes=\"(max-width: 800px) 100vw, 800px\" \/>\t\t\t\t\t\t\t\t\t\t\t\t\t\t\t<\/div>\n\t\t\t\t<\/div>\n\t\t\t\t\t<\/div>\n\t\t<\/div>\n\t\t\t\t\t<\/div>\n\t\t<\/section>\n\t\t\t\t<section class=\"elementor-section elementor-top-section elementor-element elementor-element-6ed57070 elementor-section-boxed elementor-section-height-default elementor-section-height-default\" data-id=\"6ed57070\" data-element_type=\"section\" id=\"form\" data-settings=\"{&quot;background_background&quot;:&quot;classic&quot;}\">\n\t\t\t\t\t\t\t<div class=\"elementor-background-overlay\"><\/div>\n\t\t\t\t\t\t\t<div class=\"elementor-container elementor-column-gap-default\">\n\t\t\t\t\t<section class=\"elementor-column elementor-col-100 elementor-top-column elementor-element elementor-element-62e9598a\" data-id=\"62e9598a\" data-element_type=\"column\">\n\t\t\t<div class=\"elementor-widget-wrap elementor-element-populated\">\n\t\t\t\t\t\t<div class=\"elementor-element elementor-element-3506be5 elementor-widget elementor-widget-heading\" data-id=\"3506be5\" data-element_type=\"widget\" data-widget_type=\"heading.default\">\n\t\t\t\t<div class=\"elementor-widget-container\">\n\t\t\t\t\t<h2 class=\"elementor-heading-title elementor-size-default\">Ne bucur\u0103m c\u0103 \u021bi-am trezit interesul.<\/h2>\t\t\t\t<\/div>\n\t\t\t\t<\/div>\n\t\t\t\t<div class=\"elementor-element elementor-element-742c83a elementor-widget elementor-widget-text-editor\" data-id=\"742c83a\" data-element_type=\"widget\" data-widget_type=\"text-editor.default\">\n\t\t\t\t<div class=\"elementor-widget-container\">\n\t\t\t\t\t\t\t\t\t<p>Te rug\u0103m s\u0103 completezi \u0219i s\u0103 trimi\u021bi formularul de mai jos. Odat\u0103 primit\u0103, aplica\u021bia ta va fi \u00eenregistrat\u0103 automat. Apoi unul din colegii no\u0219tri te va contacta prin email. Mul\u021bumim!<\/p>\t\t\t\t\t\t\t\t<\/div>\n\t\t\t\t<\/div>\n\t\t\t\t<div class=\"elementor-element elementor-element-579075e elementor-widget elementor-widget-html\" data-id=\"579075e\" data-element_type=\"widget\" data-widget_type=\"html.default\">\n\t\t\t\t<div class=\"elementor-widget-container\">\n\t\t\t\t\t<iframe src=\"https:\/\/docs.google.com\/forms\/d\/e\/1FAIpQLSdlMO_V7HOkPQBrPJLA8T_nb6oOEkZWnjC0XZ3139YE7gRO-A\/viewform?embedded=true\" width=\"640\" height=\"2900\" frameborder=\"0\" marginheight=\"0\" marginwidth=\"0\">Loading\u2026<\/iframe>\t\t\t\t<\/div>\n\t\t\t\t<\/div>\n\t\t\t\t<div class=\"elementor-element elementor-element-04e5507 elementor-widget-divider--view-line elementor-widget elementor-widget-divider\" data-id=\"04e5507\" data-element_type=\"widget\" data-widget_type=\"divider.default\">\n\t\t\t\t<div class=\"elementor-widget-container\">\n\t\t\t\t\t\t\t<div class=\"elementor-divider\">\n\t\t\t<span class=\"elementor-divider-separator\">\n\t\t\t\t\t\t<\/span>\n\t\t<\/div>\n\t\t\t\t\t\t<\/div>\n\t\t\t\t<\/div>\n\t\t\t\t<section class=\"elementor-section elementor-inner-section elementor-element elementor-element-9f420e9 elementor-section-boxed elementor-section-height-default elementor-section-height-default\" data-id=\"9f420e9\" data-element_type=\"section\">\n\t\t\t\t\t\t<div class=\"elementor-container elementor-column-gap-default\">\n\t\t\t\t\t<div class=\"elementor-column elementor-col-50 elementor-inner-column elementor-element elementor-element-5dcb82f\" data-id=\"5dcb82f\" data-element_type=\"column\">\n\t\t\t<div class=\"elementor-widget-wrap elementor-element-populated\">\n\t\t\t\t\t\t<div class=\"elementor-element elementor-element-6abf730 elementor-view-framed elementor-shape-circle elementor-widget elementor-widget-icon\" data-id=\"6abf730\" data-element_type=\"widget\" data-widget_type=\"icon.default\">\n\t\t\t\t<div class=\"elementor-widget-container\">\n\t\t\t\t\t\t\t<div class=\"elementor-icon-wrapper\">\n\t\t\t<div class=\"elementor-icon\">\n\t\t\t<i aria-hidden=\"true\" class=\"fas fa-lock\"><\/i>\t\t\t<\/div>\n\t\t<\/div>\n\t\t\t\t\t\t<\/div>\n\t\t\t\t<\/div>\n\t\t\t\t\t<\/div>\n\t\t<\/div>\n\t\t\t\t<div class=\"elementor-column elementor-col-50 elementor-inner-column elementor-element elementor-element-a2e2cac\" data-id=\"a2e2cac\" data-element_type=\"column\">\n\t\t\t<div class=\"elementor-widget-wrap elementor-element-populated\">\n\t\t\t\t\t\t<div class=\"elementor-element elementor-element-7aa20a0 elementor-widget elementor-widget-text-editor\" data-id=\"7aa20a0\" data-element_type=\"widget\" data-widget_type=\"text-editor.default\">\n\t\t\t\t<div class=\"elementor-widget-container\">\n\t\t\t\t\t\t\t\t\t<p>La Casa Bun\u0103 S\u00e2npetru protej\u0103m confiden\u021bialitatea individului \u2013 voluntari sau aplican\u021bi. Datele pe care le colect\u0103m nu sunt \u00eemp\u0103rt\u0103\u0219ite nim\u0103nui \u00een afara organiza\u021biei. Dac\u0103 dore\u0219ti s\u0103 i\u021bi \u0219tergem datele deja trimise, te rug\u0103m s\u0103 ne scrii.<\/p>\t\t\t\t\t\t\t\t<\/div>\n\t\t\t\t<\/div>\n\t\t\t\t\t<\/div>\n\t\t<\/div>\n\t\t\t\t\t<\/div>\n\t\t<\/section>\n\t\t\t\t<div class=\"elementor-element elementor-element-bdadc4c elementor-widget-divider--view-line elementor-widget elementor-widget-divider\" data-id=\"bdadc4c\" data-element_type=\"widget\" data-widget_type=\"divider.default\">\n\t\t\t\t<div class=\"elementor-widget-container\">\n\t\t\t\t\t\t\t<div class=\"elementor-divider\">\n\t\t\t<span class=\"elementor-divider-separator\">\n\t\t\t\t\t\t<\/span>\n\t\t<\/div>\n\t\t\t\t\t\t<\/div>\n\t\t\t\t<\/div>\n\t\t\t\t\t<\/div>\n\t\t<\/section>\n\t\t\t\t\t<\/div>\n\t\t<\/section>\n\t\t\t\t<\/div>\n\t\t","protected":false},"excerpt":{"rendered":"<p>Voluntariat Aplic\u0103 Activitatea noastr\u0103 nu ar fi posibil\u0103 f\u0103r\u0103 implicarea c\u00e2torva zeci de voluntari care se dedic\u0103 copiilor c\u00e2teva ore pe s\u0103pt\u0103m\u00e2n\u0103. \u00centre timp am legat prietenii \u0219i sim\u021bim c\u0103 tot acest sprijin necondi\u021bionat ne d\u0103 \u0219i mai mult\u0103 \u00eencredere \u00een for\u021bele noastre. Suntem o familie care cre\u0219te! &nbsp;\u00cen momentul de fa\u021b\u0103 suntem aproximativ 25 [&hellip;]<\/p>\n","protected":false},"author":4,"featured_media":0,"parent":2430,"menu_order":0,"comment_status":"closed","ping_status":"closed","template":"","meta":{"footnotes":""},"class_list":["post-1804","page","type-page","status-publish","hentry"],"_links":{"self":[{"href":"https:\/\/casabunasanpetru.ro\/index.php\/wp-json\/wp\/v2\/pages\/1804","targetHints":{"allow":["GET"]}}],"collection":[{"href":"https:\/\/casabunasanpetru.ro\/index.php\/wp-json\/wp\/v2\/pages"}],"about":[{"href":"https:\/\/casabunasanpetru.ro\/index.php\/wp-json\/wp\/v2\/types\/page"}],"author":[{"embeddable":true,"href":"https:\/\/casabunasanpetru.ro\/index.php\/wp-json\/wp\/v2\/users\/4"}],"replies":[{"embeddable":true,"href":"https:\/\/casabunasanpetru.ro\/index.php\/wp-json\/wp\/v2\/comments?post=1804"}],"version-history":[{"count":42,"href":"https:\/\/casabunasanpetru.ro\/index.php\/wp-json\/wp\/v2\/pages\/1804\/revisions"}],"predecessor-version":[{"id":8851,"href":"https:\/\/casabunasanpetru.ro\/index.php\/wp-json\/wp\/v2\/pages\/1804\/revisions\/8851"}],"up":[{"embeddable":true,"href":"https:\/\/casabunasanpetru.ro\/index.php\/wp-json\/wp\/v2\/pages\/2430"}],"wp:attachment":[{"href":"https:\/\/casabunasanpetru.ro\/index.php\/wp-json\/wp\/v2\/media?parent=1804"}],"curies":[{"name":"wp","href":"https:\/\/api.w.org\/{rel}","templated":true}]}}